{"id":3910,"date":"2021-07-12T15:05:45","date_gmt":"2021-07-12T15:05:45","guid":{"rendered":"https:\/\/elementor.balzarini.art\/?page_id=3910"},"modified":"2023-10-05T14:35:34","modified_gmt":"2023-10-05T14:35:34","slug":"impressum","status":"publish","type":"page","link":"https:\/\/balzarini.art\/en\/impressum\/","title":{"rendered":"Impressum &#038; Datenschutz"},"content":{"rendered":"<div data-elementor-type=\"wp-page\" data-elementor-id=\"3910\" class=\"elementor elementor-3910\" data-elementor-post-type=\"page\">\n\t\t\t\t\t\t<section class=\"elementor-section elementor-top-section elementor-element elementor-element-98ced3a elementor-section-boxed elementor-section-height-default elementor-section-height-default\" data-id=\"98ced3a\" data-element_type=\"section\" data-e-type=\"section\">\n\t\t\t\t\t\t<div class=\"elementor-container elementor-column-gap-default\">\n\t\t\t\t\t<div class=\"elementor-column elementor-col-100 elementor-top-column elementor-element elementor-element-9a95471\" data-id=\"9a95471\" data-element_type=\"column\" data-e-type=\"column\">\n\t\t\t<div class=\"elementor-widget-wrap elementor-element-populated\">\n\t\t\t\t\t\t<div class=\"elementor-element elementor-element-d85eff4 elementor-widget elementor-widget-text-editor\" data-id=\"d85eff4\" data-element_type=\"widget\" data-e-type=\"widget\" data-widget_type=\"text-editor.default\">\n\t\t\t\t<div class=\"elementor-widget-container\">\n\t\t\t\t\t\t\t\t\t<p>balzarini.art KLG<br \/>Margarethenstrasse 107<br \/>4053 Basel<\/p><p>UID: CHE-243.913.039<\/p><p><a href=\"https:\/\/balzarini.art\/en\/kontakt\/\">info@balzarini.art<\/a><\/p>\t\t\t\t\t\t\t\t<\/div>\n\t\t\t\t<\/div>\n\t\t\t\t\t<\/div>\n\t\t<\/div>\n\t\t\t\t\t<\/div>\n\t\t<\/section>\n\t\t\t\t<section class=\"elementor-section elementor-top-section elementor-element elementor-element-e9f3c28 elementor-section-boxed elementor-section-height-default elementor-section-height-default\" data-id=\"e9f3c28\" data-element_type=\"section\" data-e-type=\"section\">\n\t\t\t\t\t\t<div class=\"elementor-container elementor-column-gap-default\">\n\t\t\t\t\t<div class=\"elementor-column elementor-col-100 elementor-top-column elementor-element elementor-element-41d17a9\" data-id=\"41d17a9\" data-element_type=\"column\" data-e-type=\"column\">\n\t\t\t<div class=\"elementor-widget-wrap elementor-element-populated\">\n\t\t\t\t\t\t<div class=\"elementor-element elementor-element-24efafe elementor-widget elementor-widget-text-editor\" data-id=\"24efafe\" data-element_type=\"widget\" data-e-type=\"widget\" data-widget_type=\"text-editor.default\">\n\t\t\t\t<div class=\"elementor-widget-container\">\n\t\t\t\t\t\t\t\t\t<section class=\"elementor-section elementor-top-section elementor-element elementor-element-e6167f8 elementor-section-boxed elementor-section-height-default elementor-section-height-default\" data-id=\"e6167f8\" data-element_type=\"section\"><div class=\"elementor-container elementor-column-gap-default\"><div class=\"elementor-column elementor-col-100 elementor-top-column elementor-element elementor-element-01f4326\" data-id=\"01f4326\" data-element_type=\"column\"><div class=\"elementor-widget-wrap elementor-element-populated\"><div class=\"elementor-element elementor-element-cfd75d0 elementor-widget__width-initial elementor-widget elementor-widget-heading\" data-id=\"cfd75d0\" data-element_type=\"widget\" data-widget_type=\"heading.default\"><div class=\"elementor-widget-container\"><h2 class=\"elementor-heading-title elementor-size-default\">Wer wir sind<\/h2><\/div><\/div><div class=\"elementor-element elementor-element-4d51aa1 elementor-widget elementor-widget-text-editor\" data-id=\"4d51aa1\" data-element_type=\"widget\" data-widget_type=\"text-editor.default\"><div class=\"elementor-widget-container\"><p>Die Adresse unserer Website ist: <a href=\"https:\/\/balzarini.art\/en\/\">https:\/\/balzarini.art<\/a>\u00a0<br \/>Verantwortliche Stelle im Sinne des Datenschutzgesetzes lautet:<\/p><\/div><\/div><\/div><\/div><\/div><\/section><section class=\"elementor-section elementor-top-section elementor-element elementor-element-90f2d29 elementor-section-boxed elementor-section-height-default elementor-section-height-default\" data-id=\"90f2d29\" data-element_type=\"section\"><div class=\"elementor-container elementor-column-gap-default\"><div class=\"elementor-column elementor-col-100 elementor-top-column elementor-element elementor-element-53b0081\" data-id=\"53b0081\" data-element_type=\"column\"><div class=\"elementor-widget-wrap elementor-element-populated\"><div class=\"elementor-element elementor-element-cf9e421 elementor-widget__width-initial elementor-widget elementor-widget-heading\" data-id=\"cf9e421\" data-element_type=\"widget\" data-widget_type=\"heading.default\"><div class=\"elementor-widget-container\"><p class=\"elementor-heading-title elementor-size-default\">Sandro und Janine Balzarini<br \/>Margarethenstrasse 107, 4053 Basel<\/p><h2>\u00a0<\/h2><h2 class=\"elementor-heading-title elementor-size-default\">Cookies<\/h2><\/div><\/div><div class=\"elementor-element elementor-element-0d06292 elementor-widget elementor-widget-text-editor\" data-id=\"0d06292\" data-element_type=\"widget\" data-widget_type=\"text-editor.default\"><div class=\"elementor-widget-container\"><p>Wenn du einen Kommentar auf unserer Website schreibst, kann das eine Einwilligung sein, deinen Namen, E-Mail-Adresse und Website in Cookies zu speichern. Dies ist eine Komfortfunktion, damit du nicht, wenn du einen weiteren Kommentar schreibst, all diese Daten erneut eingeben musst. Diese Cookies werden ein Jahr lang gespeichert.<\/p><p>Falls du ein Konto hast und dich auf dieser Website anmeldest, werden wir ein tempor\u00e4res Cookie setzen, um festzustellen, ob dein Browser Cookies akzeptiert. Dieses Cookie enth\u00e4lt keine personenbezogenen Daten und wird verworfen, wenn du deinen Browser schlie\u00dft.<\/p><p>Wenn du dich anmeldest, werden wir einige Cookies einrichten, um deine Anmeldeinformationen und Anzeigeoptionen zu speichern. Anmelde-Cookies verfallen nach zwei Tagen und Cookies f\u00fcr die Anzeigeoptionen nach einem Jahr. Falls du bei der Anmeldung \u201eAngemeldet bleiben\u201c ausw\u00e4hlst, wird deine Anmeldung zwei Wochen lang aufrechterhalten. Mit der Abmeldung aus deinem Konto werden die Anmelde-Cookies gel\u00f6scht.<\/p><p>Wenn du einen Artikel bearbeitest oder ver\u00f6ffentlichst, wird ein zus\u00e4tzlicher Cookie in deinem Browser gespeichert. Dieser Cookie enth\u00e4lt keine personenbezogenen Daten und verweist nur auf die Beitrags-ID des Artikels, den du gerade bearbeitet hast. Der Cookie verf\u00e4llt nach einem Tag.<\/p><\/div><\/div><\/div><\/div><\/div><\/section><section class=\"elementor-section elementor-top-section elementor-element elementor-element-d5e19a0 elementor-section-boxed elementor-section-height-default elementor-section-height-default\" data-id=\"d5e19a0\" data-element_type=\"section\"><div class=\"elementor-container elementor-column-gap-default\"><div class=\"elementor-column elementor-col-100 elementor-top-column elementor-element elementor-element-f5c0ef3\" data-id=\"f5c0ef3\" data-element_type=\"column\"><div class=\"elementor-widget-wrap elementor-element-populated\"><div class=\"elementor-element elementor-element-75d3b4a elementor-widget__width-initial elementor-widget elementor-widget-heading\" data-id=\"75d3b4a\" data-element_type=\"widget\" data-widget_type=\"heading.default\"><div class=\"elementor-widget-container\"><h2 class=\"elementor-heading-title elementor-size-default\">Eingebettete Inhalte von anderen Websites<\/h2><\/div><\/div><div class=\"elementor-element elementor-element-ea950cd elementor-widget elementor-widget-text-editor\" data-id=\"ea950cd\" data-element_type=\"widget\" data-widget_type=\"text-editor.default\"><div class=\"elementor-widget-container\"><p>Beitr\u00e4ge auf dieser Website k\u00f6nnen eingebettete Inhalte beinhalten (z.\u00a0B. Videos, Bilder, Beitr\u00e4ge etc.). Eingebettete Inhalte von anderen Websites verhalten sich exakt so, als ob der Besucher die andere Website besucht h\u00e4tte.<\/p><p>Diese Websites k\u00f6nnen Daten \u00fcber dich sammeln, Cookies benutzen, zus\u00e4tzliche Tracking-Dienste von Dritten einbetten und deine Interaktion mit diesem eingebetteten Inhalt aufzeichnen, inklusive deiner Interaktion mit dem eingebetteten Inhalt, falls du ein Konto hast und auf dieser Website angemeldet bist.<\/p><\/div><\/div><\/div><\/div><\/div><\/section><section class=\"elementor-section elementor-top-section elementor-element elementor-element-4e813f2 elementor-section-boxed elementor-section-height-default elementor-section-height-default\" data-id=\"4e813f2\" data-element_type=\"section\"><div class=\"elementor-container elementor-column-gap-default\"><div class=\"elementor-column elementor-col-100 elementor-top-column elementor-element elementor-element-0691aef\" data-id=\"0691aef\" data-element_type=\"column\"><div class=\"elementor-widget-wrap elementor-element-populated\"><div class=\"elementor-element elementor-element-6f5bc44 elementor-widget__width-initial elementor-widget elementor-widget-heading\" data-id=\"6f5bc44\" data-element_type=\"widget\" data-widget_type=\"heading.default\"><div class=\"elementor-widget-container\"><h2 class=\"elementor-heading-title elementor-size-default\">Mit wem wir deine Daten teilen<\/h2><\/div><\/div><div class=\"elementor-element elementor-element-17b53ce elementor-widget elementor-widget-text-editor\" data-id=\"17b53ce\" data-element_type=\"widget\" data-widget_type=\"text-editor.default\"><div class=\"elementor-widget-container\"><p>Beitr\u00e4ge auf dieser Website k\u00f6nnen eingebettete Inhalte beinhalten (z.\u00a0B. Videos, Bilder, Beitr\u00e4ge etc.). Eingebettete Inhalte von anderen Websites verhalten sich exakt so, als ob der Besucher die andere Website besucht h\u00e4tte.<\/p><p>Diese Websites k\u00f6nnen Daten \u00fcber dich sammeln, Cookies benutzen, zus\u00e4tzliche Tracking-Dienste von Dritten einbetten und deine Interaktion mit diesem eingebetteten Inhalt aufzeichnen, inklusive deiner Interaktion mit dem eingebetteten Inhalt, falls du ein Konto hast und auf dieser Website angemeldet bist.<\/p><\/div><\/div><\/div><\/div><\/div><\/section><section class=\"elementor-section elementor-top-section elementor-element elementor-element-0f955dd elementor-section-boxed elementor-section-height-default elementor-section-height-default\" data-id=\"0f955dd\" data-element_type=\"section\"><div class=\"elementor-container elementor-column-gap-default\"><div class=\"elementor-column elementor-col-100 elementor-top-column elementor-element elementor-element-2fd70f9\" data-id=\"2fd70f9\" data-element_type=\"column\"><div class=\"elementor-widget-wrap elementor-element-populated\"><div class=\"elementor-element elementor-element-e7f3df8 elementor-widget__width-initial elementor-widget elementor-widget-heading\" data-id=\"e7f3df8\" data-element_type=\"widget\" data-widget_type=\"heading.default\"><div class=\"elementor-widget-container\"><h2 class=\"elementor-heading-title elementor-size-default\">Wie lange wir deine Daten speichern<\/h2><\/div><\/div><div class=\"elementor-element elementor-element-be3af8e elementor-widget elementor-widget-text-editor\" data-id=\"be3af8e\" data-element_type=\"widget\" data-widget_type=\"text-editor.default\"><div class=\"elementor-widget-container\"><p>Wenn du einen Kommentar schreibst, wird dieser inklusive Metadaten zeitlich unbegrenzt gespeichert. Auf diese Art k\u00f6nnen wir Folgekommentare automatisch erkennen und freigeben, anstatt sie in einer Moderations-Warteschlange festzuhalten.<\/p><p>F\u00fcr Benutzer, die sich auf unserer Website registrieren, speichern wir zus\u00e4tzlich die pers\u00f6nlichen Informationen, die sie in ihren Benutzerprofilen angeben. Alle Benutzer k\u00f6nnen jederzeit ihre pers\u00f6nlichen Informationen einsehen, ver\u00e4ndern oder l\u00f6schen (der Benutzername kann nicht ver\u00e4ndert werden). Administratoren der Website k\u00f6nnen diese Informationen ebenfalls einsehen und ver\u00e4ndern.<\/p><\/div><\/div><\/div><\/div><\/div><\/section><section class=\"elementor-section elementor-top-section elementor-element elementor-element-9d1d676 elementor-section-boxed elementor-section-height-default elementor-section-height-default\" data-id=\"9d1d676\" data-element_type=\"section\"><div class=\"elementor-container elementor-column-gap-default\"><div class=\"elementor-column elementor-col-100 elementor-top-column elementor-element elementor-element-8372151\" data-id=\"8372151\" data-element_type=\"column\"><div class=\"elementor-widget-wrap elementor-element-populated\"><div class=\"elementor-element elementor-element-740ed8d elementor-widget__width-initial elementor-widget elementor-widget-heading\" data-id=\"740ed8d\" data-element_type=\"widget\" data-widget_type=\"heading.default\"><div class=\"elementor-widget-container\"><h2 class=\"elementor-heading-title elementor-size-default\">Welche Rechte du an deinen Daten hast<\/h2><\/div><\/div><div class=\"elementor-element elementor-element-5bd4095 elementor-widget elementor-widget-text-editor\" data-id=\"5bd4095\" data-element_type=\"widget\" data-widget_type=\"text-editor.default\"><div class=\"elementor-widget-container\"><p>Wenn du ein Konto auf dieser Website besitzt oder Kommentare geschrieben hast, kannst du einen Export deiner personenbezogenen Daten bei uns anfordern, inklusive aller Daten, die du uns mitgeteilt hast. Dar\u00fcber hinaus kannst du die L\u00f6schung aller personenbezogenen Daten, die wir von dir gespeichert haben, anfordern. Dies umfasst nicht die Daten, die wir aufgrund administrativer, rechtlicher oder sicherheitsrelevanter Notwendigkeiten aufbewahren m\u00fcssen.<\/p><\/div><\/div><\/div><\/div><\/div><\/section><section class=\"elementor-section elementor-top-section elementor-element elementor-element-392c76c elementor-section-boxed elementor-section-height-default elementor-section-height-default\" data-id=\"392c76c\" data-element_type=\"section\"><div class=\"elementor-container elementor-column-gap-default\"><div class=\"elementor-column elementor-col-100 elementor-top-column elementor-element elementor-element-2f69582\" data-id=\"2f69582\" data-element_type=\"column\"><div class=\"elementor-widget-wrap elementor-element-populated\"><div class=\"elementor-element elementor-element-76421ec elementor-widget__width-initial elementor-widget elementor-widget-heading\" data-id=\"76421ec\" data-element_type=\"widget\" data-widget_type=\"heading.default\"><div class=\"elementor-widget-container\"><h2 class=\"elementor-heading-title elementor-size-default\">Wohin deine Daten gesendet werden<\/h2><\/div><\/div><div class=\"elementor-element elementor-element-8409f9b elementor-widget elementor-widget-text-editor\" data-id=\"8409f9b\" data-element_type=\"widget\" data-widget_type=\"text-editor.default\"><div class=\"elementor-widget-container\"><p>Besucher-Kommentare k\u00f6nnten von einem automatisierten Dienst zur Spam-Erkennung untersucht werden.<\/p><\/div><\/div><\/div><\/div><\/div><\/section><section class=\"elementor-section elementor-top-section elementor-element elementor-element-fe38175 elementor-section-boxed elementor-section-height-default elementor-section-height-default\" data-id=\"fe38175\" data-element_type=\"section\"><div class=\"elementor-container elementor-column-gap-default\"><div class=\"elementor-column elementor-col-100 elementor-top-column elementor-element elementor-element-7aa9154\" data-id=\"7aa9154\" data-element_type=\"column\"><div class=\"elementor-widget-wrap elementor-element-populated\"><div class=\"elementor-element elementor-element-5fe157b elementor-widget__width-initial elementor-widget elementor-widget-heading\" data-id=\"5fe157b\" data-element_type=\"widget\" data-widget_type=\"heading.default\"><div class=\"elementor-widget-container\"><h2 class=\"elementor-heading-title elementor-size-default\">contact form<\/h2><p>Die von dir eingegebenen Daten werden zum Zweck der individuellen Kommunikation mit dir gespeichert. Hierf\u00fcr ist die Angabe einer validen E-Mail-Adresse sowie Ihres Namens erforderlich. Diese dient der Zuordnung der Anfrage und der anschlie\u00dfenden Beantwortung derselben. Die Angabe weiterer Daten ist optional.<\/p><h2 class=\"elementor-heading-title elementor-size-default\">Google reCaptcha<\/h2><\/div><\/div><div class=\"elementor-element elementor-element-738696a elementor-widget elementor-widget-text-editor\" data-id=\"738696a\" data-element_type=\"widget\" data-widget_type=\"text-editor.default\"><div class=\"elementor-widget-container\"><p>Wir nutzen \u201cGoogle reCAPTCHA v3\u201d (im Folgenden \u00abreCAPTCHA) auf dieser Webseite. Anbieter ist Google Ireland Limited, Gordon House, Barrow Street, 4 Dublin, Irland, E-Mail:\u00a0<a target=\"_blank\" rel=\"noopener\">support-ch@google.com<\/a>, Website:\u00a0<a href=\"http:\/\/www.google.com\/\" target=\"_blank\" rel=\"noopener\">http:\/\/www.google.com\/<\/a>. Die Bearbeitung findet gem\u00e4ss Einsch\u00e4tzung von Schweizer Beh\u00f6rden in sicheren Drittl\u00e4ndern statt. Die \u00dcbermittlung personenbezogener Daten erfolgt auch in die USA.\u00a0<\/p><p>Mit reCAPTCHA soll \u00fcberpr\u00fcft werden, ob die Dateneingabe im Kontaktformular durch einen Menschen oder durch ein automatisiertes Programm erfolgt. Hierzu analysiert reCAPTCHA das Verhalten des Websitebesuchers anhand verschiedener Merkmale, sobald die Kontaktseite aufgerufen wird. Zur Analyse wertet reCAPTCHA verschiedene Informationen aus (z.B. IP-Adresse, Verweildauer des Websitebesuchers auf der Website oder vom Nutzer get\u00e4tigte Mausbewegungen). Die bei der Analyse erfassten Daten werden an Google weitergeleitet.<\/p><p>Die Datenverarbeitung erfolgt auf Grundlage des Datenschutzgesetzes und der Verordnung zum Datenschutzgesetz. Weitere Informationen zu Google reCAPTCHA sowie die Datenschutzerkl\u00e4rung von Google entnehmen Sie folgenden Links:\u00a0<a href=\"https:\/\/www.google.com\/intl\/de\/policies\/privacy\/\">https:\/\/www.google.com\/intl\/de\/policies\/privacy\/<\/a>\u00a0and\u00a0<a href=\"https:\/\/policies.google.com\/terms?hl=de\">https:\/\/policies.google.com\/terms?hl=de<\/a><\/p><\/div><\/div><\/div><\/div><\/div><\/section><section class=\"elementor-section elementor-top-section elementor-element elementor-element-c884273 elementor-section-boxed elementor-section-height-default elementor-section-height-default\" data-id=\"c884273\" data-element_type=\"section\"><div class=\"elementor-container elementor-column-gap-default\"><div class=\"elementor-column elementor-col-100 elementor-top-column elementor-element elementor-element-b3fec96\" data-id=\"b3fec96\" data-element_type=\"column\"><div class=\"elementor-widget-wrap elementor-element-populated\"><div class=\"elementor-element elementor-element-fd3e675 elementor-widget elementor-widget-spacer\" data-id=\"fd3e675\" data-element_type=\"widget\" data-widget_type=\"spacer.default\"><div class=\"elementor-widget-container\"><div class=\"elementor-spacer\">\u00a0<\/div><\/div><\/div><\/div><\/div><\/div><\/section>\t\t\t\t\t\t\t\t<\/div>\n\t\t\t\t<\/div>\n\t\t\t\t\t<\/div>\n\t\t<\/div>\n\t\t\t\t\t<\/div>\n\t\t<\/section>\n\t\t\t\t<\/div>","protected":false},"excerpt":{"rendered":"<p>balzarini.art KLGMargarethenstrasse 1074053 Basel UID: CHE-243.913.039 info@balzarini.art Wer wir sind Die Adresse unserer Website ist: https:\/\/balzarini.art\u00a0Verantwortliche Stelle im Sinne des Datenschutzgesetzes lautet: Sandro und Janine BalzariniMargarethenstrasse 107, 4053 Basel \u00a0 Cookies Wenn du einen Kommentar auf unserer Website schreibst, kann das eine Einwilligung sein, deinen Namen, E-Mail-Adresse und Website in Cookies zu speichern. Dies ist [&hellip;]<\/p>","protected":false},"author":2,"featured_media":0,"parent":0,"menu_order":0,"comment_status":"closed","ping_status":"closed","template":"","meta":{"footnotes":""},"categories":[44],"tags":[],"class_list":["post-3910","page","type-page","status-publish","hentry","category-rechtliches"],"_links":{"self":[{"href":"https:\/\/balzarini.art\/en\/wp-json\/wp\/v2\/pages\/3910","targetHints":{"allow":["GET"]}}],"collection":[{"href":"https:\/\/balzarini.art\/en\/wp-json\/wp\/v2\/pages"}],"about":[{"href":"https:\/\/balzarini.art\/en\/wp-json\/wp\/v2\/types\/page"}],"author":[{"embeddable":true,"href":"https:\/\/balzarini.art\/en\/wp-json\/wp\/v2\/users\/2"}],"replies":[{"embeddable":true,"href":"https:\/\/balzarini.art\/en\/wp-json\/wp\/v2\/comments?post=3910"}],"version-history":[{"count":39,"href":"https:\/\/balzarini.art\/en\/wp-json\/wp\/v2\/pages\/3910\/revisions"}],"predecessor-version":[{"id":7670,"href":"https:\/\/balzarini.art\/en\/wp-json\/wp\/v2\/pages\/3910\/revisions\/7670"}],"wp:attachment":[{"href":"https:\/\/balzarini.art\/en\/wp-json\/wp\/v2\/media?parent=3910"}],"wp:term":[{"taxonomy":"category","embeddable":true,"href":"https:\/\/balzarini.art\/en\/wp-json\/wp\/v2\/categories?post=3910"},{"taxonomy":"post_tag","embeddable":true,"href":"https:\/\/balzarini.art\/en\/wp-json\/wp\/v2\/tags?post=3910"}],"curies":[{"name":"wp","href":"https:\/\/api.w.org\/{rel}","templated":true}]}}