{"id":174,"date":"2021-01-19T14:14:21","date_gmt":"2021-01-19T14:14:21","guid":{"rendered":"https:\/\/elementor.balzarini.art\/?page_id=174"},"modified":"2024-12-19T10:00:49","modified_gmt":"2024-12-19T10:00:49","slug":"ueber-uns","status":"publish","type":"page","link":"https:\/\/balzarini.art\/en\/ueber-uns\/","title":{"rendered":"about us"},"content":{"rendered":"<div data-elementor-type=\"wp-page\" data-elementor-id=\"174\" class=\"elementor elementor-174\" data-elementor-post-type=\"page\">\n\t\t\t\t\t\t<section class=\"elementor-section elementor-top-section elementor-element elementor-element-e87ca50 elementor-section-boxed elementor-section-height-default elementor-section-height-default\" data-id=\"e87ca50\" data-element_type=\"section\" data-e-type=\"section\">\n\t\t\t\t\t\t<div class=\"elementor-container elementor-column-gap-default\">\n\t\t\t\t\t<div class=\"elementor-column elementor-col-100 elementor-top-column elementor-element elementor-element-bab2e64 elementor-hidden-tablet elementor-hidden-phone\" data-id=\"bab2e64\" data-element_type=\"column\" data-e-type=\"column\">\n\t\t\t<div class=\"elementor-widget-wrap elementor-element-populated\">\n\t\t\t\t\t\t<div class=\"elementor-element elementor-element-1bb26c9 elementor-widget elementor-widget-heading\" data-id=\"1bb26c9\" data-element_type=\"widget\" data-e-type=\"widget\" data-widget_type=\"heading.default\">\n\t\t\t\t<div class=\"elementor-widget-container\">\n\t\t\t\t\t<h2 class=\"elementor-heading-title elementor-size-default\">\u2013 about us \u2013<\/h2>\t\t\t\t<\/div>\n\t\t\t\t<\/div>\n\t\t\t\t\t<\/div>\n\t\t<\/div>\n\t\t\t\t\t<\/div>\n\t\t<\/section>\n\t\t\t\t<section class=\"elementor-section elementor-top-section elementor-element elementor-element-e5202e8 elementor-section-height-min-height elementor-section-items-top elementor-section-boxed elementor-section-height-default\" data-id=\"e5202e8\" data-element_type=\"section\" data-e-type=\"section\">\n\t\t\t\t\t\t<div class=\"elementor-container elementor-column-gap-default\">\n\t\t\t\t\t<div class=\"elementor-column elementor-col-100 elementor-top-column elementor-element elementor-element-df0d104\" data-id=\"df0d104\" data-element_type=\"column\" data-e-type=\"column\">\n\t\t\t<div class=\"elementor-widget-wrap elementor-element-populated\">\n\t\t\t\t\t\t<section class=\"elementor-section elementor-inner-section elementor-element elementor-element-ede06f0 elementor-section-boxed elementor-section-height-default elementor-section-height-default\" data-id=\"ede06f0\" data-element_type=\"section\" data-e-type=\"section\" data-settings=\"{&quot;background_background&quot;:&quot;classic&quot;}\">\n\t\t\t\t\t\t\t<div class=\"elementor-background-overlay\"><\/div>\n\t\t\t\t\t\t\t<div class=\"elementor-container elementor-column-gap-default\">\n\t\t\t\t\t<div class=\"elementor-column elementor-col-50 elementor-inner-column elementor-element elementor-element-9c68e0d\" data-id=\"9c68e0d\" data-element_type=\"column\" data-e-type=\"column\">\n\t\t\t<div class=\"elementor-widget-wrap elementor-element-populated\">\n\t\t\t\t\t\t<div class=\"elementor-element elementor-element-d0c8a94 elementor-widget elementor-widget-image\" data-id=\"d0c8a94\" data-element_type=\"widget\" data-e-type=\"widget\" data-widget_type=\"image.default\">\n\t\t\t\t<div class=\"elementor-widget-container\">\n\t\t\t\t\t\t\t\t\t\t\t\t\t\t\t<img fetchpriority=\"high\" decoding=\"async\" width=\"800\" height=\"793\" src=\"https:\/\/balzarini.art\/wp-content\/uploads\/2021\/02\/20190917_202631-2.jpg\" class=\"attachment-large size-large wp-image-4007\" alt=\"\" srcset=\"https:\/\/balzarini.art\/wp-content\/uploads\/2021\/02\/20190917_202631-2.jpg 800w, https:\/\/balzarini.art\/wp-content\/uploads\/2021\/02\/20190917_202631-2-300x297.jpg 300w, https:\/\/balzarini.art\/wp-content\/uploads\/2021\/02\/20190917_202631-2-150x150.jpg 150w, https:\/\/balzarini.art\/wp-content\/uploads\/2021\/02\/20190917_202631-2-768x761.jpg 768w, https:\/\/balzarini.art\/wp-content\/uploads\/2021\/02\/20190917_202631-2-12x12.jpg 12w\" sizes=\"(max-width: 800px) 100vw, 800px\" \/>\t\t\t\t\t\t\t\t\t\t\t\t\t\t\t<\/div>\n\t\t\t\t<\/div>\n\t\t\t\t\t<\/div>\n\t\t<\/div>\n\t\t\t\t<div class=\"elementor-column elementor-col-50 elementor-inner-column elementor-element elementor-element-966e75b\" data-id=\"966e75b\" data-element_type=\"column\" data-e-type=\"column\">\n\t\t\t<div class=\"elementor-widget-wrap elementor-element-populated\">\n\t\t\t\t\t\t<div class=\"elementor-element elementor-element-fcca557 elementor-widget elementor-widget-text-editor\" data-id=\"fcca557\" data-element_type=\"widget\" data-e-type=\"widget\" data-widget_type=\"text-editor.default\">\n\t\t\t\t<div class=\"elementor-widget-container\">\n\t\t\t\t\t\t\t\t\tSandro (composer) and Janine Balzarini (visual artist), an artist couple with a penchant for the outer side of the box.<br><br>\n\nWe break both technical and stylistic boundaries with our unbreakable love for creativity and quality, combined with a focus on collaboration and customized solutions.<br><br>\n\nExamples of our work can be found in the <a href=\"https:\/\/balzarini.art\/en\/\">portfolio<\/a>. We are looking forward to exciting projects and inspiring commissions. If you are interested, please <a href=\"https:\/\/balzarini.art\/en\/kontakt\/\">contact us<\/a>.\t\t\t\t\t\t\t\t<\/div>\n\t\t\t\t<\/div>\n\t\t\t\t\t<\/div>\n\t\t<\/div>\n\t\t\t\t\t<\/div>\n\t\t<\/section>\n\t\t\t\t<div class=\"elementor-element elementor-element-d9aa286 elementor-widget__width-inherit elementor-widget elementor-widget-toggle\" data-id=\"d9aa286\" data-element_type=\"widget\" data-e-type=\"widget\" data-widget_type=\"toggle.default\">\n\t\t\t\t<div class=\"elementor-widget-container\">\n\t\t\t\t\t\t\t<div class=\"elementor-toggle\">\n\t\t\t\t\t\t\t<div class=\"elementor-toggle-item\">\n\t\t\t\t\t<div id=\"elementor-tab-title-2281\" class=\"elementor-tab-title\" data-tab=\"1\" role=\"button\" aria-controls=\"elementor-tab-content-2281\" aria-expanded=\"false\">\n\t\t\t\t\t\t\t\t\t\t\t\t<a class=\"elementor-toggle-title\" tabindex=\"0\">about our education<\/a>\n\t\t\t\t\t<\/div>\n\n\t\t\t\t\t<div id=\"elementor-tab-content-2281\" class=\"elementor-tab-content elementor-clearfix\" data-tab=\"1\" role=\"region\" aria-labelledby=\"elementor-tab-title-2281\"><p style=\"text-align: left;\"><strong>Sandro Balzarini<\/strong><\/p><p>Studies at the <a href=\"https:\/\/www.fhnw.ch\/de\/die-fhnw\/hochschulen\/musik\" target=\"_blank\" rel=\"noopener\">Hochschule f\u00fcr Musik FHNW Basel<\/a> with Prof. Dr. Erik O\u00f1a, Prof. Georg Friedrich Haas and Prof. Caspar Johannes Walter. Degrees:<\/p><ul style=\"list-style-image: none; list-style-type: '&gt; '; text-align: left;\"><li>Bachelor of Arts in Music with major in Composition (2011)<\/li><li>aster of Arts in composition\/music theory with specialization in composition (2013)<\/li><li>Master of Arts in Specialized Musical Performance with Specialization in Composition (2015)<\/li><\/ul><p style=\"text-align: left;\"><strong><br \/>Janine Balzarini<\/strong><\/p><p>Studies at the <a href=\"https:\/\/www.fhnw.ch\/de\/studium\/gestaltung-kunst\">Hochschule f\u00fcr Gestaltung und Kunst FHNW Basel<\/a> Studied with various lecturers in drawing and painting, Angelo L\u00fcdin (photography), Iris Ganz (visual communication), Reinhard Storz (art and media studies) and others. Degree:<\/p><ul style=\"list-style-image: none; list-style-type: '&gt; ';\"><li style=\"text-align: left;\">Bachelor of Arts in Mediation of Art and Design (2013)<\/li><\/ul><\/div>\n\t\t\t\t<\/div>\n\t\t\t\t\t\t\t\t<\/div>\n\t\t\t\t\t\t<\/div>\n\t\t\t\t<\/div>\n\t\t\t\t<div class=\"elementor-element elementor-element-be5f601 elementor-widget elementor-widget-html\" data-id=\"be5f601\" data-element_type=\"widget\" data-e-type=\"widget\" data-widget_type=\"html.default\">\n\t\t\t\t<div class=\"elementor-widget-container\">\n\t\t\t\t\t<script> \r\njQuery(document).ready(function($) { \r\nvar delay = 100; setTimeout(function() { \r\n$('.elementor-tab-title').removeClass('elementor-active');\r\n $('.elementor-tab-content').css('display', 'none'); }, delay); \r\n}); \r\n<\/script>\t\t\t\t<\/div>\n\t\t\t\t<\/div>\n\t\t\t\t\t<\/div>\n\t\t<\/div>\n\t\t\t\t\t<\/div>\n\t\t<\/section>\n\t\t\t\t<\/div>","protected":false},"excerpt":{"rendered":"<p>\u2013 \u00fcber uns \u2013 Sandro und Janine Balzarini, ein K\u00fcnstler-Ehepaar &#8211; Komponist und visuelle K\u00fcnstlerin &#8211; mit einem Hang zur Aussenseite der Box. Kreativit\u00e4t und Qualit\u00e4t sind uns ebenso wichtig wie Zusammebarbeit und Massgeschneidertum. Sowohl stilistisch wie auch technisch sind wir kaum je mit allen vier F\u00fcssen innherhalb derselben Grenzen. Beispiele f\u00fcr unsere Arbeit findet [&hellip;]<\/p>","protected":false},"author":2,"featured_media":0,"parent":0,"menu_order":0,"comment_status":"closed","ping_status":"closed","template":"","meta":{"footnotes":""},"categories":[55],"tags":[],"class_list":["post-174","page","type-page","status-publish","hentry","category-hauptseiten"],"_links":{"self":[{"href":"https:\/\/balzarini.art\/en\/wp-json\/wp\/v2\/pages\/174","targetHints":{"allow":["GET"]}}],"collection":[{"href":"https:\/\/balzarini.art\/en\/wp-json\/wp\/v2\/pages"}],"about":[{"href":"https:\/\/balzarini.art\/en\/wp-json\/wp\/v2\/types\/page"}],"author":[{"embeddable":true,"href":"https:\/\/balzarini.art\/en\/wp-json\/wp\/v2\/users\/2"}],"replies":[{"embeddable":true,"href":"https:\/\/balzarini.art\/en\/wp-json\/wp\/v2\/comments?post=174"}],"version-history":[{"count":28,"href":"https:\/\/balzarini.art\/en\/wp-json\/wp\/v2\/pages\/174\/revisions"}],"predecessor-version":[{"id":8873,"href":"https:\/\/balzarini.art\/en\/wp-json\/wp\/v2\/pages\/174\/revisions\/8873"}],"wp:attachment":[{"href":"https:\/\/balzarini.art\/en\/wp-json\/wp\/v2\/media?parent=174"}],"wp:term":[{"taxonomy":"category","embeddable":true,"href":"https:\/\/balzarini.art\/en\/wp-json\/wp\/v2\/categories?post=174"},{"taxonomy":"post_tag","embeddable":true,"href":"https:\/\/balzarini.art\/en\/wp-json\/wp\/v2\/tags?post=174"}],"curies":[{"name":"wp","href":"https:\/\/api.w.org\/{rel}","templated":true}]}}